{"id":2,"date":"2024-12-30T01:37:03","date_gmt":"2024-12-30T01:37:03","guid":{"rendered":"http:\/\/tarti.hdbilisim.com\/?page_id=2"},"modified":"2026-02-14T00:07:25","modified_gmt":"2026-02-13T21:07:25","slug":"home","status":"publish","type":"page","link":"https:\/\/www.kontarti.com\/","title":{"rendered":"Anasayfa"},"content":{"rendered":"<div class=\"wpb-content-wrapper\"><p>[vc_row no_padding=&#8221;yes&#8221; css=&#8221;.vc_custom_1742940889041{margin-bottom: 1.65rem !important;}&#8221; conditional_render=&#8221;%5B%7B%22value_role%22%3A%22administrator%22%7D%5D&#8221; css_params=&#8221;&#8221; el_class=&#8221;hero-slider&#8221;][vc_column offset=&#8221;vc_hidden-xl vc_hidden-lg&#8221; conditional_render=&#8221;%5B%7B%22value_role%22%3A%22administrator%22%7D%5D&#8221; css_params=&#8221;&#8221;][vc_gallery type=&#8221;flexslider_slide&#8221; interval=&#8221;3&#8243; images=&#8221;6014,6010,6011,6012,6013&#8243; img_size=&#8221;full&#8221; onclick=&#8221;&#8221; css=&#8221;&#8221; css_params=&#8221;&#8221;][\/vc_column][\/vc_row][vc_row no_padding=&#8221;yes&#8221; css=&#8221;.vc_custom_1742940889041{margin-bottom: 1.65rem !important;}&#8221; conditional_render=&#8221;%5B%7B%22value_role%22%3A%22administrator%22%7D%5D&#8221; css_params=&#8221;&#8221; el_class=&#8221;hero-slider&#8221;][vc_column offset=&#8221;vc_hidden-md vc_hidden-sm vc_hidden-xs&#8221; conditional_render=&#8221;%5B%7B%22value_role%22%3A%22administrator%22%7D%5D&#8221; css_params=&#8221;&#8221;][vc_gallery type=&#8221;flexslider_slide&#8221; interval=&#8221;3&#8243; images=&#8221;6001,6003,6005,6002,6004&#8243; img_size=&#8221;full&#8221; onclick=&#8221;&#8221; css=&#8221;&#8221; css_params=&#8221;&#8221;][\/vc_column][\/vc_row][vc_row wrap_container=&#8221;yes&#8221; conditional_render=&#8221;%5B%7B%22value_role%22%3A%22administrator%22%7D%5D&#8221; css_params=&#8221;&#8221; css=&#8221;.vc_custom_1736839721557{margin-bottom: 1.4rem !important;}&#8221;][vc_column width=&#8221;5\/6&#8243; css=&#8221;.vc_custom_1736548231962{margin-bottom: 1.5rem !important;}&#8221; conditional_render=&#8221;%5B%7B%22value_role%22%3A%22administrator%22%7D%5D&#8221; css_params=&#8221;&#8221; offset=&#8221;vc_col-md-offset-0 vc_col-md-4 vc_col-sm-offset-1&#8243;][vc_row_inner no_padding=&#8221;yes&#8221; content_placement=&#8221;middle&#8221; css_params=&#8221;&#8221;][vc_column_inner el_class=&#8221;w-auto&#8221; width=&#8221;1\/2&#8243; css_params=&#8221;&#8221; css=&#8221;.vc_custom_1736547780190{margin-top: 2px !important;margin-right: 0.9rem !important;}&#8221;]<div class=\"porto-just-icon-wrapper porto-icon none porto-icon-pos-left\" style=\"font-size:64px;\"><i class=\"porto-icon-category-tools\"><\/i><\/div>[\/vc_column_inner][vc_column_inner el_class=&#8221;flex-fill&#8221; width=&#8221;1\/2&#8243; css_params=&#8221;&#8221; offset=&#8221;vc_col-xs-6&#8243;][vc_custom_heading text=&#8221;\u0130malat&#8221; font_container=&#8221;tag:h3|font_size:1.225rem|text_align:left&#8221; use_theme_fonts=&#8221;yes&#8221; font_weight=&#8221;600&#8243; css=&#8221;.vc_custom_1763914916425{margin-bottom: 0.35rem !important;}&#8221; css_params=&#8221;&#8221;][vc_custom_heading text=&#8221;Y\u00fcksek hassasiyetli sens\u00f6rler ve dayan\u0131kl\u0131 malzemeler kullanarak, end\u00fcstriyel standartlara uygun tart\u0131 ve bask\u00fclleri \u00fcretiyoruz.&#8221; font_container=&#8221;tag:p|text_align:left|line_height:1.62em&#8221; use_theme_fonts=&#8221;yes&#8221; letter_spacing=&#8221;-0.015em&#8221; css=&#8221;.vc_custom_1765921133450{margin-bottom: 0px !important;}&#8221; css_params=&#8221;&#8221;][\/vc_column_inner][\/vc_row_inner][\/vc_column][vc_column width=&#8221;5\/6&#8243; offset=&#8221;vc_col-md-offset-0 vc_col-md-4 vc_col-sm-offset-1&#8243; conditional_render=&#8221;%5B%7B%22value_role%22%3A%22administrator%22%7D%5D&#8221; css_params=&#8221;&#8221; css=&#8221;.vc_custom_1736548359342{margin-bottom: 1.5rem !important;}&#8221;][vc_row_inner no_padding=&#8221;yes&#8221; content_placement=&#8221;middle&#8221; css_params=&#8221;&#8221;][vc_column_inner el_class=&#8221;w-auto&#8221; width=&#8221;1\/2&#8243; css_params=&#8221;&#8221; css=&#8221;.vc_custom_1736548104156{margin-top: 2px !important;margin-right: 0.9rem !important;}&#8221;]<div class=\"porto-just-icon-wrapper porto-icon none porto-icon-pos-left\" style=\"font-size:64px;\"><i class=\"porto-icon-wrench\"><\/i><\/div>[\/vc_column_inner][vc_column_inner el_class=&#8221;flex-fill&#8221; width=&#8221;1\/2&#8243; css_params=&#8221;&#8221; offset=&#8221;vc_col-xs-6&#8243;][vc_custom_heading text=&#8221;Kurulum&#8221; font_container=&#8221;tag:h3|font_size:1.225rem|text_align:left&#8221; use_theme_fonts=&#8221;yes&#8221; font_weight=&#8221;600&#8243; css=&#8221;.vc_custom_1763914928712{margin-bottom: 0.35rem !important;}&#8221; css_params=&#8221;&#8221;][vc_custom_heading text=&#8221;Sat\u0131n ald\u0131\u011f\u0131n\u0131z tart\u0131 ve bask\u00fcl sistemlerini, uzman ekibimizle h\u0131zl\u0131, do\u011fru ve g\u00fcvenli \u015fekilde yerinde kuruyoruz.&#8221; font_container=&#8221;tag:p|text_align:left|line_height:1.62em&#8221; use_theme_fonts=&#8221;yes&#8221; letter_spacing=&#8221;-0.015em&#8221; css=&#8221;.vc_custom_1765921070866{margin-bottom: 0px !important;}&#8221; css_params=&#8221;&#8221;][\/vc_column_inner][\/vc_row_inner][\/vc_column][vc_column width=&#8221;5\/6&#8243; offset=&#8221;vc_col-md-offset-0 vc_col-md-4 vc_col-sm-offset-1&#8243; conditional_render=&#8221;%5B%7B%22value_role%22%3A%22administrator%22%7D%5D&#8221; css_params=&#8221;&#8221; css=&#8221;.vc_custom_1736548367946{margin-bottom: 1.5rem !important;}&#8221;][vc_row_inner no_padding=&#8221;yes&#8221; content_placement=&#8221;middle&#8221; css_params=&#8221;&#8221;][vc_column_inner el_class=&#8221;w-auto&#8221; width=&#8221;1\/2&#8243; css_params=&#8221;&#8221; css=&#8221;.vc_custom_1736548111278{margin-top: 2px !important;margin-right: 0.9rem !important;}&#8221;]<div class=\"porto-just-icon-wrapper porto-icon none porto-icon-pos-left\" style=\"font-size:64px;\"><i class=\"porto-icon-shipping\"><\/i><\/div>[\/vc_column_inner][vc_column_inner el_class=&#8221;flex-fill&#8221; width=&#8221;1\/2&#8243; css_params=&#8221;&#8221; offset=&#8221;vc_col-xs-6&#8243;][vc_custom_heading text=&#8221;Servis&#8221; font_container=&#8221;tag:h3|font_size:1.225rem|text_align:left&#8221; use_theme_fonts=&#8221;yes&#8221; font_weight=&#8221;600&#8243; css=&#8221;.vc_custom_1763914938657{margin-bottom: 0.35rem !important;}&#8221; css_params=&#8221;&#8221;][vc_custom_heading text=&#8221;Periyodik bak\u0131m, kalibrasyon ve ar\u0131za m\u00fcdahaleleriyle tart\u0131 ve bask\u00fcllerinizin uzun \u00f6m\u00fcrl\u00fc ve sorunsuz \u00e7al\u0131\u015fmas\u0131n\u0131 sa\u011fl\u0131yoruz.&#8221; font_container=&#8221;tag:p|text_align:left|line_height:1.62em&#8221; use_theme_fonts=&#8221;yes&#8221; letter_spacing=&#8221;-0.015em&#8221; css=&#8221;.vc_custom_1765921082917{margin-bottom: 0px !important;}&#8221; css_params=&#8221;&#8221;][\/vc_column_inner][\/vc_row_inner][\/vc_column][\/vc_row][vc_row wrap_container=&#8221;yes&#8221; content_placement=&#8221;middle&#8221; conditional_render=&#8221;%5B%7B%22value_role%22%3A%22administrator%22%7D%5D&#8221; css_params=&#8221;&#8221; css=&#8221;.vc_custom_1763917776985{border-top-width: 1px !important;padding-top: 3rem !important;padding-bottom: 6.2rem !important;background-color: #fcfcfc !important;border-top-style: solid !important;}&#8221; el_id=&#8221;about&#8221;][vc_column width=&#8221;5\/6&#8243; css=&#8221;.vc_custom_1736900875019{padding-top: 3.4rem !important;padding-right: 5% !important;padding-bottom: 2.2rem !important;}&#8221; conditional_render=&#8221;%5B%7B%22value_role%22%3A%22administrator%22%7D%5D&#8221; css_params=&#8221;{&#8220;css_padding_right_lg&#8220;:&#8220;12px&#8220;}&#8221; offset=&#8221;vc_col-md-offset-0 vc_col-md-6 vc_col-sm-offset-1&#8243; custom_css_response=&#8221;@media(max-width:991px){.vc_custom_1736900875019{padding-right:12px!important;}}&#8221;]<div class=\"porto-u-heading  wpb_custom_872b704f1836aa3e25ee7739b6ea200d porto-u-ad87e2eaf3f9c495180fe0156ddf3eb0  vc_custom_1767650207256\" data-appear-animation=\"fadeInUp\" data-appear-animation-delay=\"200\"><div class=\"porto-u-main-heading\"><h2  >KONTARTI G\u00fcvencesiyle; Tart\u0131, Bask\u00fcl ve Kantar<\/h2><\/div><style>.porto-u-ad87e2eaf3f9c495180fe0156ddf3eb0.porto-u-heading{text-align:left}<\/style><\/div>[vc_custom_heading text=&#8221;2004 Y\u0131l\u0131ndan g\u00fcn\u00fcm\u00fcze kadar bir \u00e7ok sekt\u00f6re Elektronik tart\u0131m hizmetleri veren uzman ekibimiz bir \u00e7ok isimle \u00f6n plana \u00e7\u0131km\u0131\u015ft\u0131r. T\u00fcm bu zaman zarf\u0131 i\u00e7inde kusursuz m\u00fc\u015fteri memnuniyeti sa\u011flamay\u0131 ba\u015faran ve \u00e7izgisini hi\u00e7 bozmayan ekibimizle y\u0131llaca s\u00fcregelen bu ve hizmetlerimizde art\u0131k marka olu\u015fumuna girmi\u015f bulunmaktay\u0131z t\u00fcm teknoloji ve geli\u015fimi kalbinde b\u00fcy\u00fcten ve s\u00fcrekli geli\u015fen ekip tecr\u00fcbesiyle art\u0131k ismimin Kontart\u0131 Elektronik Tart\u0131 Sistemleri olarak siz de\u011ferli m\u00fc\u015fterilerine End\u00fcstriyel Tart\u0131 sekt\u00f6r\u00fcnde \u00f6nc\u00fc yenilikleri sunmaktan gurur duyar\u0131z.&#8221; font_container=&#8221;tag:p|text_align:left|line_height:1.8em&#8221; use_theme_fonts=&#8221;yes&#8221; letter_spacing=&#8221;-0.015em&#8221; animation_delay=&#8221;400&#8243; css=&#8221;.vc_custom_1763916332917{margin-bottom: 1.7rem !important;}&#8221; css_params=&#8221;&#8221; animation_type=&#8221;fadeInUp&#8221;]<div class=\"porto-container container appear-animation d-flex align-items-center  vc_custom_1736556175947\" data-appear-animation=\"fadeInUp\" data-appear-animation-delay=\"600\"><div class=\"porto-u-heading  wpb_custom_b498911b8b86f6eb8b46a4dd9b691317 porto-u-ad87e2eaf3f9c495180fe0156ddf3eb0  vc_custom_1763916856366\"><div class=\"porto-u-main-heading heading-highlight\" data-appear-animation=\"highlightProgress\"><h3  ><mark>25+<\/mark><\/h3><\/div><style>.porto-u-ad87e2eaf3f9c495180fe0156ddf3eb0.porto-u-heading{text-align:left}<\/style><\/div>[vc_custom_heading text=&#8221;Y\u0131ll\u0131k sekt\u00f6r tecr\u00fcbemizle&#8230;&#8221; font_container=&#8221;tag:h4|font_size:1.575rem|text_align:left&#8221; use_theme_fonts=&#8221;yes&#8221; font_family=&#8221;Playfair Display&#8221; font_weight=&#8221;400&#8243; letter_spacing=&#8221;-0.04em&#8221; css=&#8221;.vc_custom_1763916554112{margin-bottom: 1.1rem !important;}&#8221; css_params=&#8221;&#8221;]<\/div><div class=\"porto-container container appear-animation d-flex align-items-center flex-wrap \" data-appear-animation=\"fadeInUp\" data-appear-animation-delay=\"800\"><a aria-label=\"Hemen Bizi Aray\u0131n\u0131z\" class=\"porto-sicon-box-link\" href=\"tel:05545970583\"><div class=\"porto-sicon-box  wpb_custom_e76504011ecb5a0101c63bf87097e7f0 style_1 default-icon\"><div class=\"porto-sicon-default\"><div class=\"porto-just-icon-wrapper porto-icon none\" style=\"font-size:32px;\"><i class=\"Simple-Line-Icons-phone\"><\/i><\/div><\/div><div class=\"porto-sicon-header\"><h3 class=\"porto-sicon-title\" style=\"\">Hemen Bizi Aray\u0131n\u0131z<\/h3><p>0 554 597 05 83<\/p><\/div> <!-- header --><\/div><!-- porto-sicon-box --><\/a><\/div>[\/vc_column][vc_column width=&#8221;5\/6&#8243; css=&#8221;.vc_custom_1736554608152{padding-top: 3.85rem !important;padding-bottom: 6.6rem !important;}&#8221; conditional_render=&#8221;%5B%7B%22value_role%22%3A%22administrator%22%7D%5D&#8221; css_params=&#8221;&#8221; offset=&#8221;vc_col-md-offset-0 vc_col-md-6 vc_col-sm-offset-1&#8243;][vc_single_image image=&#8221;5998&#8243; img_size=&#8221;full&#8221; css=&#8221;.vc_custom_1770561188727{margin-bottom: 0px !important;}&#8221; img_width=&#8221;{&#8220;xl&#8220;:&#8220;&#8220;,&#8220;unit&#8220;:&#8220;px&#8220;,&#8220;xs&#8220;:&#8220;&#8220;,&#8220;sm&#8220;:&#8220;&#8220;,&#8220;md&#8220;:&#8220;&#8220;,&#8220;lg&#8220;:&#8220;&#8220;}&#8221; css_params=&#8221;&#8221;][\/vc_column][\/vc_row][vc_row wrap_container=&#8221;yes&#8221; conditional_render=&#8221;%5B%7B%22value_role%22%3A%22administrator%22%7D%5D&#8221; css_params=&#8221;{&#8220;css_margin_bottom_lg&#8220;:&#8220;-1rem&#8220;}&#8221; css=&#8221;.vc_custom_1736731654398{margin-bottom: -2rem !important;}&#8221; custom_css_response=&#8221;@media(max-width:991px){.vc_custom_1736731654398{margin-bottom:-1rem!important;}}&#8221;][vc_column]<div class=\"porto-u-heading  wpb_custom_8a90dd7ff9fe53ed2d0779a727369914 porto-u-55ca8359258f9a412be7e73af65d2aac  vc_custom_1763931069040\" data-appear-animation=\"slideInUp\" data-appear-animation-delay=\"200\"><div class=\"porto-u-main-heading\"><h2   style=\"color:#f4f4f4;\">KONTARTI<\/h2><\/div><style>.porto-u-55ca8359258f9a412be7e73af65d2aac.porto-u-heading{text-align:center}<\/style><\/div>[\/vc_column][\/vc_row][vc_row wrap_container=&#8221;yes&#8221; css=&#8221;.vc_custom_1764798707550{padding-top: 4.5rem !important;padding-right: 2rem !important;padding-bottom: 1.5rem !important;padding-left: 2rem !important;background-color: #f4f4f4 !important;border-radius: 10px !important;}&#8221; conditional_render=&#8221;%5B%7B%22value_role%22%3A%22administrator%22%7D%5D&#8221; css_params=&#8221;&#8221;][vc_column]<div class=\"porto-u-heading  wpb_custom_ef7029ac3e3586a26af829e61d379d76 porto-u-55ca8359258f9a412be7e73af65d2aac  vc_custom_1764533776388\" data-appear-animation=\"fadeIn\" data-appear-animation-delay=\"200\"><div class=\"porto-u-main-heading\"><h2  >\u00dcR\u00dcNLER\u0130M\u0130Z<\/h2><\/div><style>.porto-u-55ca8359258f9a412be7e73af65d2aac.porto-u-heading{text-align:center}<\/style><\/div>[porto_tb_posts post_type=&#8221;portfolio&#8221; order=&#8221;ASC&#8221; view=&#8221;slider&#8221; columns=&#8221;3&#8243; image_size=&#8221;related-post&#8221; nav_visible=&#8221;{&#8220;xl&#8220;:&#8220;block&#8220;}&#8221; builder_id=&#8221;5627&#8243; css_params=&#8221;&#8221; count=&#8221;60&#8243;][\/vc_column][\/vc_row][vc_row wrap_container=&#8221;yes&#8221; content_placement=&#8221;middle&#8221; conditional_render=&#8221;%5B%7B%22value_role%22%3A%22administrator%22%7D%5D&#8221; css_params=&#8221;&#8221; css=&#8221;.vc_custom_1764798739758{margin-top: 50px !important;margin-bottom: 2.85rem !important;}&#8221;][vc_column width=&#8221;1\/2&#8243; css=&#8221;.vc_custom_1736577235030{margin-bottom: 3rem !important;}&#8221; conditional_render=&#8221;%5B%7B%22value_role%22%3A%22administrator%22%7D%5D&#8221; css_params=&#8221;&#8221;]<div class=\"porto-u-heading  wpb_custom_3a389ccb51879219a38406e556fd4048 porto-u-ad87e2eaf3f9c495180fe0156ddf3eb0  vc_custom_1764795808366\" data-appear-animation=\"fadeInUp\" data-appear-animation-delay=\"200\"><div class=\"porto-u-main-heading\"><h3  >Birlikte \u00c7al\u0131\u015fal\u0131m<\/h3><\/div><style>.porto-u-ad87e2eaf3f9c495180fe0156ddf3eb0.porto-u-heading{text-align:left}<\/style><\/div>[vc_custom_heading text=&#8221;Neden Bizi Se\u00e7melisiniz?&#8221; font_container=&#8221;tag:h2|font_size:13.3px|text_align:left|color:var(&#8211;porto-secondary-color)|line_height:1em&#8221; use_theme_fonts=&#8221;yes&#8221; text_transform=&#8221;text-uppercase&#8221; font_weight=&#8221;600&#8243; letter_spacing=&#8221;0px&#8221; css=&#8221;.vc_custom_1764795824110{margin-bottom: 1.5rem !important;padding-top: 0.75rem !important;padding-right: 2rem !important;padding-bottom: 0.75rem !important;padding-left: 2rem !important;border-radius: 35px !important;}&#8221; el_class=&#8221;bg-gradient-primary d-inline-block&#8221; css_params=&#8221;&#8221; animation_type=&#8221;fadeInLeft&#8221;][vc_custom_heading text=&#8221;\u0130ster k\u00fc\u00e7\u00fck bir i\u015fletmede bask\u00fcle ihtiya\u00e7 duyun, ister end\u00fcstriyel bir bask\u00fcle ihtiyac\u0131n\u0131z olsun, size uygun bask\u00fcl ve tart\u0131y\u0131 \u00fcretmek i\u00e7in buraday\u0131z. Bug\u00fcn bizimle ileti\u015fime ge\u00e7erek \u00fcr\u00fcnlerimiz hakk\u0131nda bilgi edinin ve sizlere en uygun teklifi sunal\u0131m.&#8221; font_container=&#8221;tag:p|text_align:left|line_height:1.8em&#8221; use_theme_fonts=&#8221;yes&#8221; letter_spacing=&#8221;-0.015em&#8221; animation_delay=&#8221;400&#8243; css=&#8221;.vc_custom_1764796019641{margin-bottom: 2.2rem !important;}&#8221; css_params=&#8221;&#8221; animation_type=&#8221;fadeInUp&#8221;][vc_btn title=&#8221;B\u0130ZE ULA\u015eIN&#8221; shape=&#8221;round&#8221; i_align=&#8221;right&#8221; i_icon_fontawesome=&#8221;fas fa-arrow-right&#8221; skin=&#8221;dark&#8221; btn_fs=&#8221;0.9rem&#8221; btn_fw=&#8221;500&#8243; el_cls=&#8221;font-primary&#8221; animation_delay=&#8221;600&#8243; hover_text_effect=&#8221;hover-text-switch-up&#8221; add_icon=&#8221;true&#8221; css=&#8221;.vc_custom_1770755690452{margin-bottom: 0px !important;}&#8221; link=&#8221;url:https%3A%2F%2Fwww.kontarti.com%2Findex.php%2Fbize-ulasin%2F|title:Contact%20Us&#8221; btn_px=&#8221;2.2rem&#8221; btn_py=&#8221;1.05rem&#8221; btn_icon_spacing=&#8221;{&#8220;xl&#8220;:&#8220;1.125&#8220;,&#8220;unit&#8220;:&#8220;rem&#8220;,&#8220;xs&#8220;:&#8220;&#8220;,&#8220;sm&#8220;:&#8220;&#8220;,&#8220;md&#8220;:&#8220;&#8220;,&#8220;lg&#8220;:&#8220;&#8220;}&#8221; css_params=&#8221;&#8221; animation_type=&#8221;fadeInUp&#8221;][\/vc_column][vc_column width=&#8221;1\/2&#8243; css=&#8221;.vc_custom_1736577239974{margin-bottom: 3rem !important;}&#8221; conditional_render=&#8221;%5B%7B%22value_role%22%3A%22administrator%22%7D%5D&#8221; css_params=&#8221;&#8221;][vc_accordion active_tab=&#8221;0&#8243; collapsible=&#8221;yes&#8221; type=&#8221;without-bg without-borders&#8221; use_accordion=&#8221;true&#8221; el_class=&#8221;custom-accordion&#8221;][vc_accordion_tab title=&#8221;End\u00fcstriyel tart\u0131 nedir?&#8221;][vc_custom_heading text=&#8221;End\u00fcstriyel tart\u0131, fabrikalarda ve ticari i\u015fletmelerde y\u00fcksek do\u011frulukta tart\u0131m yapmak i\u00e7in kullan\u0131lan profesyonel \u00f6l\u00e7\u00fcm cihaz\u0131d\u0131r. B\u00fcy\u00fck y\u00fckleri, paletleri, hammaddeleri ve \u00fcretim hatlar\u0131n\u0131 hassas \u015fekilde tartmak i\u00e7in tasarlanm\u0131\u015ft\u0131r.&#8221; font_container=&#8221;tag:p|text_align:left|line_height:1.8em&#8221; use_theme_fonts=&#8221;yes&#8221; letter_spacing=&#8221;-0.015em&#8221; css=&#8221;.vc_custom_1764798316086{margin-bottom: 0px !important;}&#8221; css_params=&#8221;&#8221;][\/vc_accordion_tab][vc_accordion_tab title=&#8221;End\u00fcstriyel bask\u00fcl ile tart\u0131 aras\u0131ndaki fark nedir?&#8221;][vc_custom_heading text=&#8221;Bask\u00fcl, genellikle daha b\u00fcy\u00fck platforma sahip, tonajl\u0131 y\u00fckleri tartabilen tart\u0131m sistemleridir.<\/p>\n<p>End\u00fcstriyel tart\u0131 ise daha kompakt, masa \u00fcst\u00fc veya platform tipi hassas tart\u0131m cihazlar\u0131n\u0131 ifade eder.<br \/>\n\u0130ki cihaz da hassas \u00f6l\u00e7\u00fcm i\u00e7in tasarlansa da kullan\u0131m ama\u00e7lar\u0131 ve kapasite aral\u0131klar\u0131 farkl\u0131d\u0131r.&#8221; font_container=&#8221;tag:p|text_align:left|line_height:1.8em&#8221; use_theme_fonts=&#8221;yes&#8221; letter_spacing=&#8221;-0.015em&#8221; css=&#8221;.vc_custom_1764798458949{margin-bottom: 0px !important;}&#8221; css_params=&#8221;&#8221;][\/vc_accordion_tab][vc_accordion_tab title=&#8221;End\u00fcstriyel tart\u0131 imalat\u00e7\u0131lar\u0131 hangi \u00fcr\u00fcn gruplar\u0131n\u0131 \u00fcretir?&#8221;][vc_custom_heading text=&#8221;\u0130malat\u00e7\u0131lar genellikle \u015fu \u00fcr\u00fcnleri \u00fcretir:<br \/>\nPlatform bask\u00fcller<br \/>\nPalet tart\u0131lar\u0131<br \/>\nHayvan bask\u00fclleri<br \/>\nKamyon kantarlar\u0131<br \/>\nMasa \u00fcst\u00fc end\u00fcstriyel tart\u0131lar<br \/>\nKantar indikat\u00f6rleri<br \/>\nLoadcell ve tart\u0131m sens\u00f6rleri<br \/>\nOtomasyon tart\u0131m sistemleri&#8221; font_container=&#8221;tag:p|text_align:left|line_height:1.8em&#8221; use_theme_fonts=&#8221;yes&#8221; letter_spacing=&#8221;-0.015em&#8221; css=&#8221;.vc_custom_1764798525873{margin-bottom: 0px !important;}&#8221; css_params=&#8221;&#8221;][\/vc_accordion_tab][vc_accordion_tab title=&#8221;End\u00fcstriyel tart\u0131lar hangi sekt\u00f6rlerde kullan\u0131l\u0131r?&#8221;][vc_custom_heading text=&#8221;G\u0131da \u00fcretimi<br \/>\nKimya ve ila\u00e7 sekt\u00f6r\u00fc<br \/>\nLojistik ve depolama<br \/>\nTar\u0131m ve hayvanc\u0131l\u0131k<br \/>\n\u0130n\u015faat ve metal sanayi<br \/>\nAt\u0131k y\u00f6netimi<br \/>\nOtomotiv sekt\u00f6r\u00fc&#8221; font_container=&#8221;tag:p|text_align:left|line_height:1.8em&#8221; use_theme_fonts=&#8221;yes&#8221; letter_spacing=&#8221;-0.015em&#8221; css=&#8221;.vc_custom_1764798599413{margin-bottom: 0px !important;}&#8221; css_params=&#8221;&#8221;][\/vc_accordion_tab][\/vc_accordion][\/vc_column][\/vc_row][vc_row wrap_container=&#8221;yes&#8221; parallax=&#8221;content-moving&#8221; parallax_image=&#8221;1751&#8243; conditional_render=&#8221;%5B%7B%22value_role%22%3A%22administrator%22%7D%5D&#8221; css_params=&#8221;&#8221; css=&#8221;.vc_custom_1770838388293{margin-bottom: 6rem !important;padding-top: 10.3rem !important;padding-right: 2rem !important;padding-bottom: 8.75rem !important;padding-left: 2rem !important;background-image: url(https:\/\/www.kontarti.com\/wp-content\/uploads\/2026\/01\/tir-arka-plan-2.jpg?id=5966) !important;background-position: center;background-repeat: no-repeat !important;background-size: cover !important;border-radius: 10px !important;}&#8221; el_class=&#8221;custom-overlay overlay-tertiary&#8221;][vc_column conditional_render=&#8221;%5B%7B%22value_role%22%3A%22administrator%22%7D%5D&#8221; css_params=&#8221;&#8221;][vc_single_image image=&#8221;5631&#8243; img_size=&#8221;medium&#8221; alignment=&#8221;center&#8221; css=&#8221;&#8221; css_params=&#8221;&#8221;]<div class=\"porto-u-heading  wpb_custom_60435bfc5d3d02051a272bcba136217d porto-u-b736f47d3aefe5773ca80907c2e5bc7f  vc_custom_1764795745407\" data-appear-animation=\"fadeInUp\" data-appear-animation-delay=\"200\"><div class=\"porto-u-main-heading\"><h2 data-plugin-animated-letters data-plugin-options=\"{&quot;startDelay&quot;:500,&quot;minWindowWidth&quot;:0,&quot;animationName&quot;:&quot;fadeIn&quot;}\"  style=\"color:var(--porto-light-color);\">End\u00fcstriyel Tart\u0131 sekt\u00f6r\u00fcnde \u00f6nc\u00fc yenilikleri sunmaktan gurur duyar\u0131z.<\/h2><\/div><style>.porto-u-b736f47d3aefe5773ca80907c2e5bc7f.porto-u-heading{text-align:center} @media(max-width:991px){ .porto-u-b736f47d3aefe5773ca80907c2e5bc7f.porto-u-heading{text-align:center}}<\/style><\/div>[\/vc_column][\/vc_row][vc_row wrap_container=&#8221;yes&#8221; conditional_render=&#8221;%5B%7B%22value_role%22%3A%22administrator%22%7D%5D&#8221; css_params=&#8221;{&#8220;css_margin_bottom_lg&#8220;:&#8220;-1rem&#8220;}&#8221; css=&#8221;.vc_custom_1736731654398{margin-bottom: -2rem !important;}&#8221; custom_css_response=&#8221;@media(max-width:991px){.vc_custom_1736731654398{margin-bottom:-1rem!important;}}&#8221;][vc_column]<div class=\"porto-u-heading  wpb_custom_8a90dd7ff9fe53ed2d0779a727369914 porto-u-55ca8359258f9a412be7e73af65d2aac  vc_custom_1763931069040\" data-appear-animation=\"slideInUp\" data-appear-animation-delay=\"200\"><div class=\"porto-u-main-heading\"><h2   style=\"color:#f4f4f4;\">KONTARTI<\/h2><\/div><style>.porto-u-55ca8359258f9a412be7e73af65d2aac.porto-u-heading{text-align:center}<\/style><\/div>[\/vc_column][\/vc_row][vc_row wrap_container=&#8221;yes&#8221; css=&#8221;.vc_custom_1736731540442{padding-top: 4.5rem !important;padding-right: 2rem !important;padding-bottom: 4.5rem !important;padding-left: 2rem !important;background-color: #f4f4f4 !important;border-radius: 10px !important;}&#8221; conditional_render=&#8221;%5B%7B%22value_role%22%3A%22administrator%22%7D%5D&#8221; css_params=&#8221;&#8221;][vc_column]<div class=\"porto-u-heading  wpb_custom_ef7029ac3e3586a26af829e61d379d76 porto-u-55ca8359258f9a412be7e73af65d2aac  vc_custom_1763924564959\" data-appear-animation=\"fadeIn\" data-appear-animation-delay=\"200\"><div class=\"porto-u-main-heading\"><h2  >Bizden Haberler<\/h2><\/div><style>.porto-u-55ca8359258f9a412be7e73af65d2aac.porto-u-heading{text-align:center}<\/style><\/div>[porto_tb_posts post_type=&#8221;post&#8221; orderby=&#8221;date&#8221; order=&#8221;ASC&#8221; columns=&#8221;3&#8243; image_size=&#8221;related-post&#8221; builder_id=&#8221;2051&#8243; css_params=&#8221;&#8221; count=&#8221;3&#8243;][\/vc_column][\/vc_row]<\/p>\n<\/div>","protected":false},"excerpt":{"rendered":"<p>[vc_row no_padding=&#8221;yes&#8221; css=&#8221;.vc_custom_1742940889041{margin-bottom: 1.65rem !important;}&#8221; conditional_render=&#8221;%5B%7B%22value_role%22%3A%22administrator%22%7D%5D&#8221; css_params=&#8221;&#8221; el_class=&#8221;hero-slider&#8221;][vc_column offset=&#8221;vc_hidden-xl vc_hidden-lg&#8221; conditional_render=&#8221;%5B%7B%22value_role%22%3A%22administrator%22%7D%5D&#8221; css_params=&#8221;&#8221;][vc_gallery type=&#8221;flexslider_slide&#8221; interval=&#8221;3&#8243; images=&#8221;6014,6010,6011,6012,6013&#8243; img_size=&#8221;full&#8221; onclick=&#8221;&#8221; css=&#8221;&#8221; css_params=&#8221;&#8221;][\/vc_column][\/vc_row][vc_row no_padding=&#8221;yes&#8221; css=&#8221;.vc_custom_1742940889041{margin-bottom: 1.65rem !important;}&#8221; conditional_render=&#8221;%5B%7B%22value_role%22%3A%22administrator%22%7D%5D&#8221; css_params=&#8221;&#8221; el_class=&#8221;hero-slider&#8221;][vc_column offset=&#8221;vc_hidden-md vc_hidden-sm vc_hidden-xs&#8221; conditional_render=&#8221;%5B%7B%22value_role%22%3A%22administrator%22%7D%5D&#8221; css_params=&#8221;&#8221;][vc_gallery type=&#8221;flexslider_slide&#8221; interval=&#8221;3&#8243; images=&#8221;6001,6003,6005,6002,6004&#8243; img_size=&#8221;full&#8221; onclick=&#8221;&#8221; css=&#8221;&#8221; css_params=&#8221;&#8221;][\/vc_column][\/vc_row][vc_row wrap_container=&#8221;yes&#8221; conditional_render=&#8221;%5B%7B%22value_role%22%3A%22administrator%22%7D%5D&#8221; css_params=&#8221;&#8221; css=&#8221;.vc_custom_1736839721557{margin-bottom: 1.4rem !important;}&#8221;][vc_column width=&#8221;5\/6&#8243; css=&#8221;.vc_custom_1736548231962{margin-bottom: 1.5rem !important;}&#8221; conditional_render=&#8221;%5B%7B%22value_role%22%3A%22administrator%22%7D%5D&#8221; css_params=&#8221;&#8221; offset=&#8221;vc_col-md-offset-0 vc_col-md-4 vc_col-sm-offset-1&#8243;][vc_row_inner no_padding=&#8221;yes&#8221; content_placement=&#8221;middle&#8221; [&hellip;]<\/p>\n","protected":false},"author":1,"featured_media":0,"parent":0,"menu_order":0,"comment_status":"closed","ping_status":"closed","template":"","meta":{"om_disable_all_campaigns":false,"_monsterinsights_skip_tracking":false,"_monsterinsights_sitenote_active":false,"_monsterinsights_sitenote_note":"","_monsterinsights_sitenote_category":0,"footnotes":""},"class_list":["post-2","page","type-page","status-publish","hentry"],"aioseo_notices":[],"_links":{"self":[{"href":"https:\/\/www.kontarti.com\/index.php\/wp-json\/wp\/v2\/pages\/2","targetHints":{"allow":["GET"]}}],"collection":[{"href":"https:\/\/www.kontarti.com\/index.php\/wp-json\/wp\/v2\/pages"}],"about":[{"href":"https:\/\/www.kontarti.com\/index.php\/wp-json\/wp\/v2\/types\/page"}],"author":[{"embeddable":true,"href":"https:\/\/www.kontarti.com\/index.php\/wp-json\/wp\/v2\/users\/1"}],"replies":[{"embeddable":true,"href":"https:\/\/www.kontarti.com\/index.php\/wp-json\/wp\/v2\/comments?post=2"}],"version-history":[{"count":144,"href":"https:\/\/www.kontarti.com\/index.php\/wp-json\/wp\/v2\/pages\/2\/revisions"}],"predecessor-version":[{"id":6015,"href":"https:\/\/www.kontarti.com\/index.php\/wp-json\/wp\/v2\/pages\/2\/revisions\/6015"}],"wp:attachment":[{"href":"https:\/\/www.kontarti.com\/index.php\/wp-json\/wp\/v2\/media?parent=2"}],"curies":[{"name":"wp","href":"https:\/\/api.w.org\/{rel}","templated":true}]}}